{"id":5656,"date":"2024-09-17T14:38:00","date_gmt":"2024-09-17T12:38:00","guid":{"rendered":"https:\/\/ensemblepygmalion.com\/partenaires\/"},"modified":"2026-01-22T15:01:45","modified_gmt":"2026-01-22T14:01:45","slug":"thank-you","status":"publish","type":"page","link":"https:\/\/ensemblepygmalion.com\/en\/thank-you\/","title":{"rendered":"thank you!"},"content":{"rendered":"\n<div class=\"wp-block-group alignwide\"><div class=\"wp-block-group__inner-container is-layout-constrained wp-block-group-is-layout-constrained\">\n<p><strong>Pygmalion is artist-in-residence at the Op\u00e9ra National de Bordeaux. It enjoys the support of the Direction r\u00e9gionale des affaires culturelles de Nouvelle-Aquitaine, Ville de Bordeaux, D\u00e9partement de la Gironde, r\u00e9gion Nouvelle-Aquitaine and Centre national de la musique.\u00a0Ensemble associated with the Op\u00e9ra-Comique (2023\u20132027), Pygmalion receives support from Ch\u00e2teau Haut-Bailly, the ensemble&#8217;s honorary patron. Pygmalion is artist-in-residence at Fondation Singer-Polignac as an associate artist and is a member of the F\u00e9d\u00e9ration des Ensembles Vocaux et Instrumentaux Sp\u00e9cialis\u00e9s (FEVIS), Sc\u00e8ne Ensemble, and R\u00e9zo MUSA. Fondation d\u2019entreprise Soci\u00e9t\u00e9 G\u00e9n\u00e9rale, Eren Groupe, Xavier Moreno and Alain Rauscher are patrons of Pygmalion.<\/strong><\/p>\n\n\n\n<div style=\"height:100px\" aria-hidden=\"true\" class=\"wp-block-spacer hide-mobile\"><\/div>\n\n\n\n<figure class=\"wp-block-image size-large margin-mobile\"><img loading=\"lazy\" decoding=\"async\" width=\"1024\" height=\"454\" src=\"https:\/\/ensemblepygmalion.alwaysdata.net\/\/wp-content\/uploads\/2025\/12\/Site_internet_2025-1024x454.png\" alt=\"\" class=\"wp-image-4013\" srcset=\"https:\/\/ensemblepygmalion.com\/wp-content\/uploads\/2025\/12\/Site_internet_2025-1024x454.png 1024w, https:\/\/ensemblepygmalion.com\/wp-content\/uploads\/2025\/12\/Site_internet_2025-300x133.png 300w, https:\/\/ensemblepygmalion.com\/wp-content\/uploads\/2025\/12\/Site_internet_2025.png 1612w\" sizes=\"auto, (max-width: 1024px) 100vw, 1024px\" \/><\/figure>\n\n\n\n<div style=\"height:120px\" aria-hidden=\"true\" class=\"wp-block-spacer hide-mobile\"><\/div>\n\n\n\n<div style=\"height:30px\" aria-hidden=\"true\" class=\"wp-block-spacer\"><\/div>\n\n\n\n<h5 class=\"wp-block-heading has-violet-color has-text-color has-link-color wp-elements-884b236d0974da407cc571b3146e0b6a\"><strong>Committed partners<\/strong><\/h5>\n\n\n\n<div style=\"height:15px\" aria-hidden=\"true\" class=\"wp-block-spacer hide-mobile\"><\/div>\n\n\n\n<div class=\"wp-block-columns is-layout-flex wp-container-core-columns-is-layout-9d6595d7 wp-block-columns-is-layout-flex\">\n<div class=\"wp-block-column is-layout-flow wp-block-column-is-layout-flow\" style=\"padding-top:0;padding-right:0;padding-bottom:0;padding-left:0;flex-basis:100%\">\n<p class=\"has-violet-color has-text-color has-link-color wp-elements-efe77d688e22f33884e719d0e5f6c257\"><strong><em>Fondation d\u2019entreprise Soci\u00e9t\u00e9 G\u00e9n\u00e9rale<\/em><\/strong><\/p>\n\n\n\n<p class=\"has-violet-color has-text-color has-link-color wp-elements-687e802e4349126d1e591c8b5c0ab42c\">The partnership linking Pygmalion to M\u00e9c\u00e9nat Musical Soci\u00e9t\u00e9 G\u00e9n\u00e9rale and then to the Fondation d\u2019entreprise Soci\u00e9t\u00e9 G\u00e9n\u00e9rale began in 2008 with a commission to composer Vincent Manac\u2019h for <em>Wolkengesang<\/em>, a work for choir and early instruments designed to be presented as a mirror image of a cantata by J. S. Bach. The resulting search for new correspondences between timbres and writings laid the foundations for a long-term partnership, encouraging Pygmalion to develop, in project after project, a laboratory combining creativity, excellence, and a commitment to sharing its discoveries with the widest possible audience. If we can speak of the DNA shared by Pygmalion and its musical director, Rapha\u00ebl Pichon, it has guided their neverending quest to renew how musical heritage is transmitted.<\/p>\n<\/div>\n\n\n\n<div class=\"wp-block-column is-layout-flow wp-block-column-is-layout-flow\" style=\"padding-top:0;padding-right:var(--wp--preset--spacing--30);padding-bottom:0;padding-left:var(--wp--preset--spacing--30);flex-basis:100%\">\n<p class=\"has-violet-color has-text-color has-link-color wp-elements-8a3bf1575375629bbe3ef26e90ef965f\"><strong><em>Eren Groupe<\/em><\/strong><\/p>\n\n\n\n<p class=\"has-violet-color has-text-color has-link-color wp-elements-e7fc00a1bca432baafb7b5271159ef33\">Sponsors of the very first album devoted to J. S. Bach&#8217;s <em>Missae breves<\/em>, Eren Group and P\u00e2ris Mouratoglou have faithfully supported Pygmalion\u2019s development since its beginnings.<\/p>\n<\/div>\n<\/div>\n\n\n\n<div style=\"height:60px\" aria-hidden=\"true\" class=\"wp-block-spacer hide-mobile\"><\/div>\n<\/div><\/div>\n\n\n\n<div class=\"wp-block-group\"><div class=\"wp-block-group__inner-container is-layout-constrained wp-block-group-is-layout-constrained\">\n<div class=\"wp-block-columns alignwide is-layout-flex wp-container-core-columns-is-layout-9d6595d7 wp-block-columns-is-layout-flex\">\n<div class=\"wp-block-column is-layout-flow wp-block-column-is-layout-flow\">\n<h2 class=\"wp-block-heading title has-black-color has-text-color has-link-color wp-elements-d274f9cc517a4e3bd3644d89e9cd8549\"><span class='first-char'>Y<\/span>o<span class='last-char'>u<\/span> <span class='first-char'>t<\/span>o<span class='last-char'>o<\/span> <span class='first-char'>c<\/span>a<span class='last-char'>n<\/span> <span class='first-char'>s<\/span>uppor<span class='last-char'>t<\/span> <span class='first-char'>P<\/span>ygmalion<span class='last-char'>!<\/span><\/h2>\n<\/div>\n\n\n\n<div class=\"wp-block-column is-layout-flow wp-block-column-is-layout-flow\">\n<p class=\"has-black-color has-text-color has-link-color wp-elements-e50d3164970a47e8d45d0b0d36a4d04e\">You share our belief that music, emotion and beauty are more important than ever! Support our ambitious artistic and educational projects and become a privileged partner!<\/p>\n\n\n\n<p class=\"has-black-color has-text-color has-link-color wp-elements-9f4137cbc6cc91fab7a5f83504e580db\">As a resident of France: <br>66% of the amount of your gift can be deducted from your income tax, up to 20% of your taxable income.<br><br><em>For more information, please <a href=\"mailto: danieltroman(at)ensemblepygmalion.com\">contact Daniel Troman<\/a>.<\/em><\/p>\n<\/div>\n<\/div>\n\n\n\n<div class=\"wp-block-group parallax-cover\"><div class=\"wp-block-group__inner-container is-layout-constrained wp-block-group-is-layout-constrained\"><\/div><\/div>\n\n\n\n<div class=\"wp-block-cover parallax-banner\" style=\"min-height:100vh;aspect-ratio:unset;\"><img loading=\"lazy\" decoding=\"async\" width=\"1024\" height=\"682\" class=\"wp-block-cover__image-background wp-image-2407 size-large\" alt=\"\" src=\"https:\/\/ensemblepygmalion.alwaysdata.net\/\/wp-content\/uploads\/2025\/10\/ORPHEE_EURYDICE_GENERALE_CREDIT_PHOTO_FRED_MORTAGNE_55-13.58.11-13.58.11-1024x682.jpg\" data-object-fit=\"cover\" srcset=\"https:\/\/ensemblepygmalion.com\/wp-content\/uploads\/2025\/10\/ORPHEE_EURYDICE_GENERALE_CREDIT_PHOTO_FRED_MORTAGNE_55-13.58.11-13.58.11-1024x682.jpg 1024w, https:\/\/ensemblepygmalion.com\/wp-content\/uploads\/2025\/10\/ORPHEE_EURYDICE_GENERALE_CREDIT_PHOTO_FRED_MORTAGNE_55-13.58.11-13.58.11-300x200.jpg 300w, https:\/\/ensemblepygmalion.com\/wp-content\/uploads\/2025\/10\/ORPHEE_EURYDICE_GENERALE_CREDIT_PHOTO_FRED_MORTAGNE_55-13.58.11-13.58.11.jpg 1850w\" sizes=\"auto, (max-width: 1024px) 100vw, 1024px\" \/><span aria-hidden=\"true\" class=\"wp-block-cover__background has-background-dim-0 has-background-dim\" style=\"background-color:#674339\"><\/span><div class=\"wp-block-cover__inner-container is-layout-constrained wp-block-cover-is-layout-constrained\">\n\n<\/div><\/div>\n<\/div><\/div>\n\n\n\n\n","protected":false},"excerpt":{"rendered":"<p>Pygmalion is artist-in-residence at the Op\u00e9ra National de Bordeaux. It enjoys the support of the Direction r\u00e9gionale des affaires culturelles de Nouvelle-Aquitaine, Ville de Bordeaux, D\u00e9partement de la Gironde, r\u00e9gion Nouvelle-Aquitaine and Centre national de la musique.\u00a0Ensemble associated with the Op\u00e9ra-Comique (2023\u20132027), Pygmalion receives support from Ch\u00e2teau Haut-Bailly, the ensemble&#8217;s honorary patron. Pygmalion is artist-in-residence <a href=\"https:\/\/ensemblepygmalion.com\/en\/thank-you\/\" class=\"more-link\">&#8230;<span class=\"screen-reader-text\">  thank you!<\/span><\/a><\/p>\n","protected":false},"author":1,"featured_media":0,"parent":0,"menu_order":0,"comment_status":"closed","ping_status":"closed","template":"","meta":{"_acf_changed":false,"footnotes":""},"class_list":["post-5656","page","type-page","status-publish","hentry"],"acf":[],"yoast_head":"<!-- This site is optimized with the Yoast SEO plugin v26.7 - https:\/\/yoast.com\/wordpress\/plugins\/seo\/ -->\n<title>thank you! - Pygmalion<\/title>\n<meta name=\"robots\" content=\"index, follow, max-snippet:-1, max-image-preview:large, max-video-preview:-1\" \/>\n<link rel=\"canonical\" href=\"https:\/\/ensemblepygmalion.com\/en\/thank-you\/\" \/>\n<meta property=\"og:locale\" content=\"en_US\" \/>\n<meta property=\"og:type\" content=\"article\" \/>\n<meta property=\"og:title\" content=\"thank you! - Pygmalion\" \/>\n<meta property=\"og:description\" content=\"Pygmalion is artist-in-residence at the Op\u00e9ra National de Bordeaux. It enjoys the support of the Direction r\u00e9gionale des affaires culturelles de Nouvelle-Aquitaine, Ville de Bordeaux, D\u00e9partement de la Gironde, r\u00e9gion Nouvelle-Aquitaine and Centre national de la musique.\u00a0Ensemble associated with the Op\u00e9ra-Comique (2023\u20132027), Pygmalion receives support from Ch\u00e2teau Haut-Bailly, the ensemble&#8217;s honorary patron. Pygmalion is artist-in-residence ... thank you!\" \/>\n<meta property=\"og:url\" content=\"https:\/\/ensemblepygmalion.com\/en\/thank-you\/\" \/>\n<meta property=\"og:site_name\" content=\"Pygmalion\" \/>\n<meta property=\"article:publisher\" content=\"https:\/\/www.facebook.com\/ensemblepygmalion\" \/>\n<meta property=\"article:modified_time\" content=\"2026-01-22T14:01:45+00:00\" \/>\n<meta property=\"og:image\" content=\"https:\/\/ensemblepygmalion.com\/wp-content\/uploads\/2025\/12\/Site_internet_2025.png\" \/>\n\t<meta property=\"og:image:width\" content=\"1612\" \/>\n\t<meta property=\"og:image:height\" content=\"714\" \/>\n\t<meta property=\"og:image:type\" content=\"image\/png\" \/>\n<meta name=\"twitter:card\" content=\"summary_large_image\" \/>\n<meta name=\"twitter:label1\" content=\"Est. reading time\" \/>\n\t<meta name=\"twitter:data1\" content=\"3 minutes\" \/>\n<script type=\"application\/ld+json\" class=\"yoast-schema-graph\">{\"@context\":\"https:\/\/schema.org\",\"@graph\":[{\"@type\":\"WebPage\",\"@id\":\"https:\/\/ensemblepygmalion.com\/en\/thank-you\/\",\"url\":\"https:\/\/ensemblepygmalion.com\/en\/thank-you\/\",\"name\":\"thank you! - Pygmalion\",\"isPartOf\":{\"@id\":\"https:\/\/ensemblepygmalion.com\/#website\"},\"primaryImageOfPage\":{\"@id\":\"https:\/\/ensemblepygmalion.com\/en\/thank-you\/#primaryimage\"},\"image\":{\"@id\":\"https:\/\/ensemblepygmalion.com\/en\/thank-you\/#primaryimage\"},\"thumbnailUrl\":\"https:\/\/ensemblepygmalion.alwaysdata.net\/\/wp-content\/uploads\/2025\/12\/Site_internet_2025-1024x454.png\",\"datePublished\":\"2024-09-17T12:38:00+00:00\",\"dateModified\":\"2026-01-22T14:01:45+00:00\",\"breadcrumb\":{\"@id\":\"https:\/\/ensemblepygmalion.com\/en\/thank-you\/#breadcrumb\"},\"inLanguage\":\"en-US\",\"potentialAction\":[{\"@type\":\"ReadAction\",\"target\":[\"https:\/\/ensemblepygmalion.com\/en\/thank-you\/\"]}]},{\"@type\":\"ImageObject\",\"inLanguage\":\"en-US\",\"@id\":\"https:\/\/ensemblepygmalion.com\/en\/thank-you\/#primaryimage\",\"url\":\"https:\/\/ensemblepygmalion.alwaysdata.net\/\/wp-content\/uploads\/2025\/12\/Site_internet_2025-1024x454.png\",\"contentUrl\":\"https:\/\/ensemblepygmalion.alwaysdata.net\/\/wp-content\/uploads\/2025\/12\/Site_internet_2025-1024x454.png\"},{\"@type\":\"BreadcrumbList\",\"@id\":\"https:\/\/ensemblepygmalion.com\/en\/thank-you\/#breadcrumb\",\"itemListElement\":[{\"@type\":\"ListItem\",\"position\":1,\"name\":\"Accueil\",\"item\":\"https:\/\/ensemblepygmalion.com\/en\/\"},{\"@type\":\"ListItem\",\"position\":2,\"name\":\"thank you!\"}]},{\"@type\":\"WebSite\",\"@id\":\"https:\/\/ensemblepygmalion.com\/#website\",\"url\":\"https:\/\/ensemblepygmalion.com\/\",\"name\":\"Ensemble Pygmalion\",\"description\":\"\",\"publisher\":{\"@id\":\"https:\/\/ensemblepygmalion.com\/#organization\"},\"potentialAction\":[{\"@type\":\"SearchAction\",\"target\":{\"@type\":\"EntryPoint\",\"urlTemplate\":\"https:\/\/ensemblepygmalion.com\/?s={search_term_string}\"},\"query-input\":{\"@type\":\"PropertyValueSpecification\",\"valueRequired\":true,\"valueName\":\"search_term_string\"}}],\"inLanguage\":\"en-US\"},{\"@type\":\"Organization\",\"@id\":\"https:\/\/ensemblepygmalion.com\/#organization\",\"name\":\"Ensemble Pygmalion\",\"url\":\"https:\/\/ensemblepygmalion.com\/\",\"logo\":{\"@type\":\"ImageObject\",\"inLanguage\":\"en-US\",\"@id\":\"https:\/\/ensemblepygmalion.com\/#\/schema\/logo\/image\/\",\"url\":\"https:\/\/ensemblepygmalion.com\/wp-content\/uploads\/2026\/01\/logo_pygmalion_square.jpg\",\"contentUrl\":\"https:\/\/ensemblepygmalion.com\/wp-content\/uploads\/2026\/01\/logo_pygmalion_square.jpg\",\"width\":696,\"height\":696,\"caption\":\"Ensemble Pygmalion\"},\"image\":{\"@id\":\"https:\/\/ensemblepygmalion.com\/#\/schema\/logo\/image\/\"},\"sameAs\":[\"https:\/\/www.facebook.com\/ensemblepygmalion\",\"https:\/\/www.instagram.com\/ensemblepygmalion\/\",\"https:\/\/www.youtube.com\/PygmalionRaphaelPichon\"]}]}<\/script>\n<!-- \/ Yoast SEO plugin. -->","yoast_head_json":{"title":"thank you! - Pygmalion","robots":{"index":"index","follow":"follow","max-snippet":"max-snippet:-1","max-image-preview":"max-image-preview:large","max-video-preview":"max-video-preview:-1"},"canonical":"https:\/\/ensemblepygmalion.com\/en\/thank-you\/","og_locale":"en_US","og_type":"article","og_title":"thank you! - Pygmalion","og_description":"Pygmalion is artist-in-residence at the Op\u00e9ra National de Bordeaux. It enjoys the support of the Direction r\u00e9gionale des affaires culturelles de Nouvelle-Aquitaine, Ville de Bordeaux, D\u00e9partement de la Gironde, r\u00e9gion Nouvelle-Aquitaine and Centre national de la musique.\u00a0Ensemble associated with the Op\u00e9ra-Comique (2023\u20132027), Pygmalion receives support from Ch\u00e2teau Haut-Bailly, the ensemble&#8217;s honorary patron. Pygmalion is artist-in-residence ... thank you!","og_url":"https:\/\/ensemblepygmalion.com\/en\/thank-you\/","og_site_name":"Pygmalion","article_publisher":"https:\/\/www.facebook.com\/ensemblepygmalion","article_modified_time":"2026-01-22T14:01:45+00:00","og_image":[{"width":1612,"height":714,"url":"https:\/\/ensemblepygmalion.com\/wp-content\/uploads\/2025\/12\/Site_internet_2025.png","type":"image\/png"}],"twitter_card":"summary_large_image","twitter_misc":{"Est. reading time":"3 minutes"},"schema":{"@context":"https:\/\/schema.org","@graph":[{"@type":"WebPage","@id":"https:\/\/ensemblepygmalion.com\/en\/thank-you\/","url":"https:\/\/ensemblepygmalion.com\/en\/thank-you\/","name":"thank you! - Pygmalion","isPartOf":{"@id":"https:\/\/ensemblepygmalion.com\/#website"},"primaryImageOfPage":{"@id":"https:\/\/ensemblepygmalion.com\/en\/thank-you\/#primaryimage"},"image":{"@id":"https:\/\/ensemblepygmalion.com\/en\/thank-you\/#primaryimage"},"thumbnailUrl":"https:\/\/ensemblepygmalion.alwaysdata.net\/\/wp-content\/uploads\/2025\/12\/Site_internet_2025-1024x454.png","datePublished":"2024-09-17T12:38:00+00:00","dateModified":"2026-01-22T14:01:45+00:00","breadcrumb":{"@id":"https:\/\/ensemblepygmalion.com\/en\/thank-you\/#breadcrumb"},"inLanguage":"en-US","potentialAction":[{"@type":"ReadAction","target":["https:\/\/ensemblepygmalion.com\/en\/thank-you\/"]}]},{"@type":"ImageObject","inLanguage":"en-US","@id":"https:\/\/ensemblepygmalion.com\/en\/thank-you\/#primaryimage","url":"https:\/\/ensemblepygmalion.alwaysdata.net\/\/wp-content\/uploads\/2025\/12\/Site_internet_2025-1024x454.png","contentUrl":"https:\/\/ensemblepygmalion.alwaysdata.net\/\/wp-content\/uploads\/2025\/12\/Site_internet_2025-1024x454.png"},{"@type":"BreadcrumbList","@id":"https:\/\/ensemblepygmalion.com\/en\/thank-you\/#breadcrumb","itemListElement":[{"@type":"ListItem","position":1,"name":"Accueil","item":"https:\/\/ensemblepygmalion.com\/en\/"},{"@type":"ListItem","position":2,"name":"thank you!"}]},{"@type":"WebSite","@id":"https:\/\/ensemblepygmalion.com\/#website","url":"https:\/\/ensemblepygmalion.com\/","name":"Ensemble Pygmalion","description":"","publisher":{"@id":"https:\/\/ensemblepygmalion.com\/#organization"},"potentialAction":[{"@type":"SearchAction","target":{"@type":"EntryPoint","urlTemplate":"https:\/\/ensemblepygmalion.com\/?s={search_term_string}"},"query-input":{"@type":"PropertyValueSpecification","valueRequired":true,"valueName":"search_term_string"}}],"inLanguage":"en-US"},{"@type":"Organization","@id":"https:\/\/ensemblepygmalion.com\/#organization","name":"Ensemble Pygmalion","url":"https:\/\/ensemblepygmalion.com\/","logo":{"@type":"ImageObject","inLanguage":"en-US","@id":"https:\/\/ensemblepygmalion.com\/#\/schema\/logo\/image\/","url":"https:\/\/ensemblepygmalion.com\/wp-content\/uploads\/2026\/01\/logo_pygmalion_square.jpg","contentUrl":"https:\/\/ensemblepygmalion.com\/wp-content\/uploads\/2026\/01\/logo_pygmalion_square.jpg","width":696,"height":696,"caption":"Ensemble Pygmalion"},"image":{"@id":"https:\/\/ensemblepygmalion.com\/#\/schema\/logo\/image\/"},"sameAs":["https:\/\/www.facebook.com\/ensemblepygmalion","https:\/\/www.instagram.com\/ensemblepygmalion\/","https:\/\/www.youtube.com\/PygmalionRaphaelPichon"]}]}},"_links":{"self":[{"href":"https:\/\/ensemblepygmalion.com\/en\/wp-json\/wp\/v2\/pages\/5656","targetHints":{"allow":["GET"]}}],"collection":[{"href":"https:\/\/ensemblepygmalion.com\/en\/wp-json\/wp\/v2\/pages"}],"about":[{"href":"https:\/\/ensemblepygmalion.com\/en\/wp-json\/wp\/v2\/types\/page"}],"author":[{"embeddable":true,"href":"https:\/\/ensemblepygmalion.com\/en\/wp-json\/wp\/v2\/users\/1"}],"replies":[{"embeddable":true,"href":"https:\/\/ensemblepygmalion.com\/en\/wp-json\/wp\/v2\/comments?post=5656"}],"version-history":[{"count":5,"href":"https:\/\/ensemblepygmalion.com\/en\/wp-json\/wp\/v2\/pages\/5656\/revisions"}],"predecessor-version":[{"id":6546,"href":"https:\/\/ensemblepygmalion.com\/en\/wp-json\/wp\/v2\/pages\/5656\/revisions\/6546"}],"wp:attachment":[{"href":"https:\/\/ensemblepygmalion.com\/en\/wp-json\/wp\/v2\/media?parent=5656"}],"curies":[{"name":"wp","href":"https:\/\/api.w.org\/{rel}","templated":true}]}}